{"id":6097,"date":"2018-08-12T08:40:27","date_gmt":"2018-08-12T08:40:27","guid":{"rendered":"https:\/\/www.adapting.com\/research-lab\/"},"modified":"2021-01-22T11:57:45","modified_gmt":"2021-01-22T16:57:45","slug":"research-lab","status":"publish","type":"page","link":"https:\/\/www.adapting.com\/en\/research-lab\/","title":{"rendered":"Research Lab En"},"content":{"rendered":"[vc_row fullwidth=&#8221;true&#8221; parallax=&#8221;content-moving-fade&#8221; css=&#8221;.vc_custom_1540198358601{background-image: url(https:\/\/www.adapting.com\/wp-content\/uploads\/2018\/10\/adapting-software-development-op.jpg?id=4333) !important;background-position: center;background-repeat: no-repeat !important;background-size: contain !important;}&#8221;][vc_column][mk_padding_divider size=&#8221;250&#8243;][mk_fancy_title color=&#8221;#ffffff&#8221; size=&#8221;46&#8243; font_weight=&#8221;600&#8243; txt_transform=&#8221;none&#8221; letter_spacing=&#8221;6&#8243; font_family=&#8221;none&#8221; align=&#8221;center&#8221;]R + D + i[\/mk_fancy_title][mk_padding_divider size=&#8221;200&#8243;][\/vc_column][\/vc_row][vc_row][vc_column][mk_padding_divider size=&#8221;60&#8243;][mk_fancy_title strip_tags=&#8221;true&#8221; color=&#8221;#333333&#8243; size=&#8221;30&#8243; font_weight=&#8221;500&#8243; font_style=&#8221;normal&#8221; txt_transform=&#8221;none&#8221; margin_bottom=&#8221;0&#8243; font_family=&#8221;none&#8221; align=&#8221;center&#8221;]RESEARCH LAB[\/mk_fancy_title][mk_divider style=&#8221;thin_solid&#8221; divider_width=&#8221;custom_width&#8221; custom_width=&#8221;100&#8243; thin_single_color=&#8221;#7e9022&#8243; thickness=&#8221;4&#8243; margin_top=&#8221;10&#8243; margin_bottom=&#8221;40&#8243;][mk_padding_divider size=&#8221;30&#8243;][\/vc_column][\/vc_row][vc_row fullwidth=&#8221;true&#8221; equal_columns=&#8221;true&#8221; css=&#8221;.vc_custom_1543248799431{background-color: #efefef !important;}&#8221;][vc_column width=&#8221;1\/2&#8243;][mk_padding_divider][vc_row_inner][vc_column_inner][mk_custom_box drop_shadow=&#8221;true&#8221;][vc_single_image image=&#8221;5588&#8243; img_size=&#8221;full&#8221; alignment=&#8221;center&#8221;][\/mk_custom_box][\/vc_column_inner][\/vc_row_inner][mk_padding_divider][\/vc_column][vc_column width=&#8221;1\/2&#8243;][mk_padding_divider size=&#8221;100&#8243;][mk_fancy_title strip_tags=&#8221;true&#8221; color=&#8221;#333333&#8243; size=&#8221;30&#8243; font_weight=&#8221;500&#8243; font_style=&#8221;normal&#8221; txt_transform=&#8221;none&#8221; margin_bottom=&#8221;0&#8243; font_family=&#8221;none&#8221; align=&#8221;center&#8221;]ADAPTING LAB[\/mk_fancy_title][mk_divider style=&#8221;thin_solid&#8221; divider_width=&#8221;custom_width&#8221; custom_width=&#8221;100&#8243; thin_single_color=&#8221;#7e9022&#8243; thickness=&#8221;4&#8243; margin_top=&#8221;10&#8243; margin_bottom=&#8221;40&#8243; animation=&#8221;right-to-left&#8221;][vc_column_text align=&#8221;center&#8221; css=&#8221;.vc_custom_1545335494114{margin-bottom: 0px !important;}&#8221;]<a href=\"\/vision-mision\/\"><strong>Adapting Group<\/strong><\/a> research and development laboratory is called <strong>Adapting LAB<\/strong>.[\/vc_column_text][vc_column_text align=&#8221;center&#8221; css=&#8221;.vc_custom_1545335684644{margin-bottom: 0px !important;}&#8221;]Our laboratory is responsible for our <a href=\"\/en\/what-is-abox-ecm\/\"><strong>Abox<\/strong><\/a>\u00a0and\u00a0<a href=\"\/en\/cbox\/\"><strong>Cbox<\/strong><\/a>\u00a0products.[\/vc_column_text][\/vc_column][\/vc_row][vc_row fullwidth=&#8221;true&#8221; equal_columns=&#8221;true&#8221; css=&#8221;.vc_custom_1531613010953{background-color: #efefef !important;}&#8221;][vc_column width=&#8221;1\/4&#8243; css=&#8221;.vc_custom_1534063587318{margin-top: 0px !important;margin-right: 0px !important;margin-bottom: 0px !important;margin-left: 0px !important;border-top-width: 0px !important;border-right-width: 0px !important;border-bottom-width: 0px !important;border-left-width: 0px !important;padding-top: 0px !important;padding-right: 0px !important;padding-bottom: 0px !important;padding-left: 0px !important;background: #99ad30 url(https:\/\/www.adapting.com\/wp-content\/uploads\/2018\/08\/research-lab2.jpg?id=3598) !important;background-position: center !important;background-repeat: no-repeat !important;background-size: cover !important;}&#8221;][\/vc_column][vc_column width=&#8221;3\/4&#8243; css=&#8221;.vc_custom_1531577316018{padding-top: 40px !important;padding-right: 10% !important;padding-bottom: 40px !important;padding-left: 10% !important;}&#8221;][mk_padding_divider size=&#8221;100&#8243;][mk_fancy_title strip_tags=&#8221;true&#8221; color=&#8221;#333333&#8243; size=&#8221;30&#8243; font_weight=&#8221;500&#8243; font_style=&#8221;normal&#8221; txt_transform=&#8221;uppercase&#8221; margin_bottom=&#8221;0&#8243; font_family=&#8221;none&#8221; responsive_align=&#8221;left&#8221; animation=&#8221;bottom-to-top&#8221;]ABOX-ECM R+D[\/mk_fancy_title][mk_divider style=&#8221;thin_solid&#8221; divider_width=&#8221;custom_width&#8221; custom_width=&#8221;100&#8243; align=&#8221;left&#8221; thin_single_color=&#8221;#7e9022&#8243; thickness=&#8221;4&#8243; margin_top=&#8221;10&#8243; margin_bottom=&#8221;40&#8243; animation=&#8221;right-to-left&#8221;][mk_padding_divider size=&#8221;20&#8243;][mk_icon_box icon=&#8221;mk-li-light&#8221; title=&#8221;STANDARDS&#8221; text_size=&#8221;18&#8243; font_weight=&#8221;600&#8243; style=&#8221;simple_ultimate&#8221; icon_color=&#8221;#7e9022&#8243; margin=&#8221;16&#8243; animation=&#8221;right-to-left&#8221;]\n<p class=\"p1\"><span class=\"s1\">abox is an ECM platform specialized in Record Management and developed under the latest standards in Software Engineering, with a highly flexible multilayer architecture, modular and scalable, 100% web and interoperable with other systems.<\/span><\/p>\n[\/mk_icon_box][mk_padding_divider size=&#8221;20&#8243;][mk_icon_box icon=&#8221;mk-li-light&#8221; title=&#8221;INTEGRABILITY&#8221; text_size=&#8221;18&#8243; font_weight=&#8221;600&#8243; style=&#8221;simple_ultimate&#8221; icon_color=&#8221;#7e9022&#8243; margin=&#8221;16&#8243; animation=&#8221;right-to-left&#8221;]<span class=\"s2\">It has highly reputable tools integrated in its architecture and has an extension capacity through plugins and modules in .NET, which does not prevent compatibility between versions.<\/span>[\/mk_icon_box][mk_padding_divider size=&#8221;20&#8243;][mk_icon_box icon=&#8221;mk-li-light&#8221; title=&#8221;CONTINUAL DEVELOPMENT&#8221; text_size=&#8221;18&#8243; font_weight=&#8221;600&#8243; style=&#8221;simple_ultimate&#8221; icon_color=&#8221;#7e9022&#8243; margin=&#8221;16&#8243; animation=&#8221;right-to-left&#8221;]\n<p class=\"p1\"><span class=\"s1\">The abox platform is developed and maintained by adapting-lab, a software laboratory specialized in web development and document management, which provides a minimum of 2 new versions each year.<\/span><\/p>\n[\/mk_icon_box][mk_padding_divider size=&#8221;20&#8243;][mk_icon_box icon=&#8221;mk-li-light&#8221; title=&#8221;PARAMETRIZABLE&#8221; text_size=&#8221;18&#8243; font_weight=&#8221;600&#8243; style=&#8221;simple_ultimate&#8221; icon_color=&#8221;#7e9022&#8243; margin=&#8221;16&#8243; animation=&#8221;right-to-left&#8221;]\n<p class=\"p1\"><span class=\"s1\">abox is a parametrizable platform that requires a minimum of custom development, thanks to its high specialization, availability of plugins, configurable functions and use of a decoupled workflow based on BPMN.<\/span><\/p>\n[\/mk_icon_box][mk_padding_divider size=&#8221;20&#8243;][mk_icon_box icon=&#8221;mk-li-light&#8221; title=&#8221;INSTALLED BASE&#8221; text_size=&#8221;18&#8243; font_weight=&#8221;600&#8243; style=&#8221;simple_ultimate&#8221; icon_color=&#8221;#7e9022&#8243; margin=&#8221;16&#8243; animation=&#8221;right-to-left&#8221;]<span class=\"s2\">abox has an installed base of more than 100 companies in a wide variety of industries, present since 1999, which proves its quality and commitment to the customer.<\/span>[\/mk_icon_box][mk_padding_divider size=&#8221;100&#8243;][\/vc_column][\/vc_row][vc_row equal_columns=&#8221;true&#8221;][vc_column width=&#8221;1\/6&#8243;][\/vc_column][vc_column width=&#8221;2\/3&#8243;][mk_padding_divider size=&#8221;100&#8243;][vc_column_text title=&#8221;In the conception, development and validation of abox-ECM, experts in web architecture, usability, performance and testing of prestigious centers such as:&#8221; css=&#8221;.vc_custom_1545336182619{margin-bottom: 0px !important;}&#8221;][\/vc_column_text][mk_padding_divider size=&#8221;60&#8243;][\/vc_column][vc_column width=&#8221;1\/6&#8243;][\/vc_column][\/vc_row][vc_row equal_columns=&#8221;true&#8221;][vc_column][mk_custom_box corner_radius=&#8221;5&#8243; min_height=&#8221;0&#8243; drop_shadow=&#8221;true&#8221; drop_shadow_distance=&#8221;6&#8243; drop_shadow_blur=&#8221;80&#8243; drop_shadow_color=&#8221;rgba(147,160,49,0.64)&#8221;][vc_row_inner][vc_column_inner width=&#8221;1\/3&#8243;][mk_image heading_title=&#8221;Instituto de Tecnolog\u00eda Infrom\u00e1tica (Espa\u00f1a)&#8221; src=&#8221;https:\/\/www.adapting.com\/wp-content\/uploads\/2018\/08\/logo-iti.jpg&#8221; image_size=&#8221;full&#8221; caption_location=&#8221;outside-image&#8221; align=&#8221;right&#8221;][\/vc_column_inner][vc_column_inner width=&#8221;1\/3&#8243;][mk_image heading_title=&#8221;Instituto de Biomec\u00e1nica de Valencia (Espa\u00f1a)&#8221; src=&#8221;https:\/\/www.adapting.com\/wp-content\/uploads\/2018\/08\/logo-ibv1.jpg&#8221; image_size=&#8221;full&#8221; caption_location=&#8221;outside-image&#8221; align=&#8221;right&#8221;][\/vc_column_inner][vc_column_inner width=&#8221;1\/3&#8243;][mk_image heading_title=&#8221;Universidad del Norte (Colombia)&#8221; src=&#8221;https:\/\/www.adapting.com\/wp-content\/uploads\/2018\/08\/logo-norte1.jpg&#8221; image_size=&#8221;full&#8221; caption_location=&#8221;outside-image&#8221; align=&#8221;right&#8221;][\/vc_column_inner][\/vc_row_inner][\/mk_custom_box][\/vc_column][\/vc_row][vc_row][vc_column][mk_padding_divider size=&#8221;100&#8243;][\/vc_column][\/vc_row][vc_row fullwidth=&#8221;true&#8221; fullwidth_content=&#8221;false&#8221; css=&#8221;.vc_custom_1533071726381{background-color: #aaaaaa !important;}&#8221;][vc_column width=&#8221;2\/3&#8243;][mk_padding_divider][mk_fancy_title color=&#8221;#ffffff&#8221; size=&#8221;30&#8243; force_font_size=&#8221;true&#8221; size_smallscreen=&#8221;25&#8243; size_tablet=&#8221;20&#8243; size_phone=&#8221;20&#8243; font_weight=&#8221;600&#8243; margin_top=&#8221;20&#8243; font_family=&#8221;none&#8221; align=&#8221;center&#8221;]KNOW OUR LINES OF RESEARCH[\/mk_fancy_title][\/vc_column][vc_column width=&#8221;1\/3&#8243;][mk_button dimension=&#8221;flat&#8221; corner_style=&#8221;full_rounded&#8221; size=&#8221;large&#8221; url=&#8221;\/en\/research-lines\/&#8221; margin_top=&#8221;40&#8243; bg_color=&#8221;#ffffff&#8221; btn_hover_bg=&#8221;#333333&#8243; text_color=&#8221;dark&#8221; btn_hover_txt_color=&#8221;#ffffff&#8221;]More information[\/mk_button][\/vc_column][\/vc_row]\n","protected":false},"excerpt":{"rendered":"<p>[vc_row fullwidth=&#8221;true&#8221; parallax=&#8221;content-moving-fade&#8221; css=&#8221;.vc_custom_1540198358601{background-image: url(https:\/\/www.adapting.com\/wp-content\/uploads\/2018\/10\/adapting-software-development-op.jpg?id=4333) !important;background-position: center;background-repeat: no-repeat !important;background-size: contain !important;}&#8221;][vc_column][mk_padding_divider size=&#8221;250&#8243;][mk_fancy_title color=&#8221;#ffffff&#8221; size=&#8221;46&#8243; font_weight=&#8221;600&#8243; txt_transform=&#8221;none&#8221; letter_spacing=&#8221;6&#8243; font_family=&#8221;none&#8221; align=&#8221;center&#8221;]R + D + i[\/mk_fancy_title][mk_padding_divider size=&#8221;200&#8243;][\/vc_column][\/vc_row][vc_row][vc_column][mk_padding_divider size=&#8221;60&#8243;][mk_fancy_title strip_tags=&#8221;true&#8221; color=&#8221;#333333&#8243; size=&#8221;30&#8243; font_weight=&#8221;500&#8243; font_style=&#8221;normal&#8221; txt_transform=&#8221;none&#8221; margin_bottom=&#8221;0&#8243; font_family=&#8221;none&#8221; align=&#8221;center&#8221;]RESEARCH LAB[\/mk_fancy_title][mk_divider style=&#8221;thin_solid&#8221; divider_width=&#8221;custom_width&#8221; custom_width=&#8221;100&#8243; thin_single_color=&#8221;#7e9022&#8243; thickness=&#8221;4&#8243; margin_top=&#8221;10&#8243; margin_bottom=&#8221;40&#8243;][mk_padding_divider size=&#8221;30&#8243;][\/vc_column][\/vc_row][vc_row fullwidth=&#8221;true&#8221; equal_columns=&#8221;true&#8221; css=&#8221;.vc_custom_1543248799431{background-color: #efefef !important;}&#8221;][vc_column width=&#8221;1\/2&#8243;][mk_padding_divider][vc_row_inner][vc_column_inner][mk_custom_box drop_shadow=&#8221;true&#8221;][vc_single_image image=&#8221;5588&#8243; img_size=&#8221;full&#8221; alignment=&#8221;center&#8221;][\/mk_custom_box][\/vc_column_inner][\/vc_row_inner][mk_padding_divider][\/vc_column][vc_column width=&#8221;1\/2&#8243;][mk_padding_divider size=&#8221;100&#8243;][mk_fancy_title [&hellip;]<\/p>\n","protected":false},"author":3,"featured_media":0,"parent":0,"menu_order":0,"comment_status":"closed","ping_status":"closed","template":"","meta":[],"_links":{"self":[{"href":"https:\/\/www.adapting.com\/en\/wp-json\/wp\/v2\/pages\/6097\/"}],"collection":[{"href":"https:\/\/www.adapting.com\/en\/wp-json\/wp\/v2\/pages\/"}],"about":[{"href":"https:\/\/www.adapting.com\/en\/wp-json\/wp\/v2\/types\/page\/"}],"author":[{"embeddable":true,"href":"https:\/\/www.adapting.com\/en\/wp-json\/wp\/v2\/users\/3\/"}],"replies":[{"embeddable":true,"href":"https:\/\/www.adapting.com\/en\/wp-json\/wp\/v2\/comments\/?post=6097"}],"version-history":[{"count":1,"href":"https:\/\/www.adapting.com\/en\/wp-json\/wp\/v2\/pages\/6097\/revisions\/"}],"predecessor-version":[{"id":7799,"href":"https:\/\/www.adapting.com\/en\/wp-json\/wp\/v2\/pages\/6097\/revisions\/7799\/"}],"wp:attachment":[{"href":"https:\/\/www.adapting.com\/en\/wp-json\/wp\/v2\/media\/?parent=6097"}],"curies":[{"name":"wp","href":"https:\/\/api.w.org\/{rel}","templated":true}]}}