{"id":5924,"date":"2018-11-11T18:45:23","date_gmt":"2018-11-11T18:45:23","guid":{"rendered":"https:\/\/www.adapting.com\/boletin\/"},"modified":"2021-01-22T11:28:18","modified_gmt":"2021-01-22T16:28:18","slug":"boletin","status":"publish","type":"page","link":"https:\/\/www.adapting.com\/en\/boletin\/","title":{"rendered":"Newsletter"},"content":{"rendered":"[vc_row fullwidth=&#8221;true&#8221; fullwidth_content=&#8221;false&#8221; css=&#8221;.vc_custom_1533816928705{background-color: #f7f7f7 !important;}&#8221;][vc_column width=&#8221;1\/4&#8243;][\/vc_column][vc_column width=&#8221;3\/4&#8243;][mk_fancy_title color=&#8221;#919e24&#8243; size=&#8221;45&#8243; line_height=&#8221;80&#8243; font_weight=&#8221;500&#8243; margin_top=&#8221;25&#8243; margin_bottom=&#8221;5&#8243; font_family=&#8221;none&#8221;]Newsletter[\/mk_fancy_title][\/vc_column][\/vc_row][vc_row fullwidth=&#8221;true&#8221; fullwidth_content=&#8221;false&#8221; css=&#8221;.vc_custom_1533032018172{background-color: rgba(229,229,229,0.29) !important;background-position: center !important;background-repeat: no-repeat !important;background-size: contain !important;*background-color: rgb(229,229,229) !important;}&#8221;][vc_column width=&#8221;1\/6&#8243;][\/vc_column][vc_column width=&#8221;2\/3&#8243;][mk_padding_divider size=&#8221;60&#8243;][mk_custom_box corner_radius=&#8221;5&#8243; padding_vertical=&#8221;50&#8243; padding_horizental=&#8221;60&#8243; margin_bottom=&#8221;0&#8243; bg_color=&#8221;#ffffff&#8221; background_hov_color_style=&#8221;image&#8221; border_color_style=&#8221;gradient_color&#8221; border_width=&#8221;4&#8243; border_grandient_color_from=&#8221;#9dad1c&#8221; border_grandient_color_to=&#8221;#5dead5&#8243; border_grandient_color_fallback=&#8221;#9dad1c&#8221; drop_shadow=&#8221;true&#8221;][mk_fancy_title color=&#8221;#919e24&#8243; size=&#8221;18&#8243; font_weight=&#8221;500&#8243; margin_bottom=&#8221;10&#8243; font_family=&#8221;none&#8221;]SUBSCRIBE TO OUR NEWSLETTER[\/mk_fancy_title][mk_fancy_title tag_name=&#8221;h3&#8243; color=&#8221;#686868&#8243; font_weight=&#8221;500&#8243; txt_transform=&#8221;none&#8221; font_family=&#8221;none&#8221;]You will periodically receive information about the sector and our products.[\/mk_fancy_title]\n                <div class='gf_browser_gecko gform_wrapper' id='gform_wrapper_7' ><a id='gf_7' class='gform_anchor' ><\/a><form method='post' enctype='multipart\/form-data' target='gform_ajax_frame_7' id='gform_7'  action='\/en\/wp-json\/wp\/v2\/pages\/5924\/#gf_7'>\n                        <div class='gform_body'><ul id='gform_fields_7' class='gform_fields top_label form_sublabel_below description_below'><li id='field_7_26'  class='gfield gfield_contains_required field_sublabel_below field_description_below gfield_visibility_visible' ><label class='gfield_label' for='input_7_26' >Indicate your country<span class='gfield_required'>*<\/span><\/label><div class='ginput_container ginput_container_select'><select name='input_26' id='input_7_26'  class='large gfield_select'   aria-required=\"true\" aria-invalid=\"false\"><option value='' ><\/option><option value='Afghanist\u00e1n' >Afghanist\u00e1n<\/option><option value='Albania' >Albania<\/option><option value='Argelia' >Argelia<\/option><option value='Samoa Americana' >Samoa Americana<\/option><option value='Andorra' >Andorra<\/option><option value='Angola' >Angola<\/option><option value='Antigua y Barbuda' >Antigua y Barbuda<\/option><option value='Argentina' >Argentina<\/option><option value='Armenia' >Armenia<\/option><option value='Australia' >Australia<\/option><option value='Austria' >Austria<\/option><option value='Azerbaiy\u00e1n' >Azerbaiy\u00e1n<\/option><option value='Bahamas' >Bahamas<\/option><option value='Bar\u00e9in' >Bar\u00e9in<\/option><option value='Bangladesh' >Bangladesh<\/option><option value='Barbados' >Barbados<\/option><option value='Bielorusia' >Bielorusia<\/option><option value='B\u00e9gica' >B\u00e9gica<\/option><option value='Belice' >Belice<\/option><option value='Benin' >Benin<\/option><option value='Bermuda' >Bermuda<\/option><option value='Bhut\u00e1n' >Bhut\u00e1n<\/option><option value='Bolivia' >Bolivia<\/option><option value='Bosnia y Herzegovina' >Bosnia y Herzegovina<\/option><option value='Botswana' >Botswana<\/option><option value='Brasil' >Brasil<\/option><option value='Brunei' >Brunei<\/option><option value='Bulgaria' >Bulgaria<\/option><option value='Burkina Faso' >Burkina Faso<\/option><option value='Burundi' >Burundi<\/option><option value='Camboya' >Camboya<\/option><option value='Camer\u00fan' >Camer\u00fan<\/option><option value='Canada' >Canada<\/option><option value='Cabo Verde' >Cabo Verde<\/option><option value='Islas Caim\u00e1n' >Islas Caim\u00e1n<\/option><option value='Rep\u00fablica Centroafricana' >Rep\u00fablica Centroafricana<\/option><option value='Chad' >Chad<\/option><option value='Chile' >Chile<\/option><option value='China' >China<\/option><option value='Colombia' >Colombia<\/option><option value='Comoras' >Comoras<\/option><option value='Congo, Rep\u00fablica Democr\u00e1tica del' >Congo, Rep\u00fablica Democr\u00e1tica del<\/option><option value='Congo, Rep\u00fablica de' >Congo, Rep\u00fablica de<\/option><option value='Costa Rica' >Costa Rica<\/option><option value='Costa de Marfil' >Costa de Marfil<\/option><option value='Croacia' >Croacia<\/option><option value='Cuba' >Cuba<\/option><option value='Curazao' >Curazao<\/option><option value='Chipre' >Chipre<\/option><option value='Rep\u00fablica Checa' >Rep\u00fablica Checa<\/option><option value='Dinamarca' >Dinamarca<\/option><option value='Djibouti' >Djibouti<\/option><option value='Dominica' >Dominica<\/option><option value='Rep\u00fablica Dominicana' >Rep\u00fablica Dominicana<\/option><option value='Timor Oriental' >Timor Oriental<\/option><option value='Ecuador' >Ecuador<\/option><option value='Egipto' >Egipto<\/option><option value='El Salvador' >El Salvador<\/option><option value='Guinea Ecuatorial' >Guinea Ecuatorial<\/option><option value='Eritrea' >Eritrea<\/option><option value='Estonia' >Estonia<\/option><option value='Etiop\u00eda' >Etiop\u00eda<\/option><option value='Islas Faroe' >Islas Faroe<\/option><option value='Fiji' >Fiji<\/option><option value='Finlancia' >Finlancia<\/option><option value='Francia' >Francia<\/option><option value='Polinesia Francesa' >Polinesia Francesa<\/option><option value='Gab\u00f3n' >Gab\u00f3n<\/option><option value='Gambia' >Gambia<\/option><option value='Georgia' >Georgia<\/option><option value='Alemania' >Alemania<\/option><option value='Ghana' >Ghana<\/option><option value='Grecia' >Grecia<\/option><option value='Groenlandia' >Groenlandia<\/option><option value='Granada' >Granada<\/option><option value='Guam' >Guam<\/option><option value='Guatemala' >Guatemala<\/option><option value='Guinea' >Guinea<\/option><option value='Guinea Bissau' >Guinea Bissau<\/option><option value='Guayana' >Guayana<\/option><option value='Hait\u00ed' >Hait\u00ed<\/option><option value='Honduras' >Honduras<\/option><option value='Hong Kong' >Hong Kong<\/option><option value='Hungr\u00eda' >Hungr\u00eda<\/option><option value='Islandia' >Islandia<\/option><option value='India' >India<\/option><option value='Indonesia' >Indonesia<\/option><option value='Ir\u00e1n' >Ir\u00e1n<\/option><option value='Iraq' >Iraq<\/option><option value='Irlanda' >Irlanda<\/option><option value='Israel' >Israel<\/option><option value='Italia' >Italia<\/option><option value='Jamaica' >Jamaica<\/option><option value='Jap\u00f3n' >Jap\u00f3n<\/option><option value='Jord\u00e1n' >Jord\u00e1n<\/option><option value='Kazajist\u00e1n' >Kazajist\u00e1n<\/option><option value='Kenia' >Kenia<\/option><option value='Kiribati' >Kiribati<\/option><option value='Corea del Norte' >Corea del Norte<\/option><option value='Corea del Sur' >Corea del Sur<\/option><option value='Kosovo' >Kosovo<\/option><option value='Kuwait' >Kuwait<\/option><option value='Kirguist\u00e1n' >Kirguist\u00e1n<\/option><option value='Laos' >Laos<\/option><option value='Lituania' >Lituania<\/option><option value='L\u00edbano' >L\u00edbano<\/option><option value='Lesoto' >Lesoto<\/option><option value='Liberia' >Liberia<\/option><option value='LIbia' >LIbia<\/option><option value='Liechtenstein' >Liechtenstein<\/option><option value='Lituania' >Lituania<\/option><option value='Luxemburgo' >Luxemburgo<\/option><option value='Macedonia' >Macedonia<\/option><option value='Madagascar' >Madagascar<\/option><option value='Malawi' >Malawi<\/option><option value='Malasia' >Malasia<\/option><option value='Maldivas' >Maldivas<\/option><option value='Mali' >Mali<\/option><option value='Malta' >Malta<\/option><option value='Islas Marshall' >Islas Marshall<\/option><option value='Mauritania' >Mauritania<\/option><option value='Mauricio' >Mauricio<\/option><option value='M\u00e9jico' >M\u00e9jico<\/option><option value='Micronesia' >Micronesia<\/option><option value='Moldavia' >Moldavia<\/option><option value='Monaco' >Monaco<\/option><option value='Mongolia' >Mongolia<\/option><option value='Montenegro' >Montenegro<\/option><option value='Marruecos' >Marruecos<\/option><option value='Mozambique' >Mozambique<\/option><option value='Myanmar' >Myanmar<\/option><option value='Namibia' >Namibia<\/option><option value='Nauru' >Nauru<\/option><option value='Nepal' >Nepal<\/option><option value='Paises Bajos' >Paises Bajos<\/option><option value='Nueva Zelanda' >Nueva Zelanda<\/option><option value='Nicaragua' >Nicaragua<\/option><option value='N\u00edger' >N\u00edger<\/option><option value='Nigeria' >Nigeria<\/option><option value='Islas Marianas del Norte' >Islas Marianas del Norte<\/option><option value='Noruega' >Noruega<\/option><option value='Om\u00e1n' >Om\u00e1n<\/option><option value='Pakist\u00e1n' >Pakist\u00e1n<\/option><option value='Palau' >Palau<\/option><option value='Palestina, Estado de' >Palestina, Estado de<\/option><option value='Panam\u00e1' >Panam\u00e1<\/option><option value='Pap\u00faa Nueva Guinea' >Pap\u00faa Nueva Guinea<\/option><option value='Paraguay' >Paraguay<\/option><option value='Per\u00fa' >Per\u00fa<\/option><option value='Filipinas' >Filipinas<\/option><option value='Polonia' >Polonia<\/option><option value='Portugal' >Portugal<\/option><option value='Puerto Rico' >Puerto Rico<\/option><option value='Qatar' >Qatar<\/option><option value='Ruman\u00eda' >Ruman\u00eda<\/option><option value='Rusia' >Rusia<\/option><option value='Ruanda' >Ruanda<\/option><option value='San Crist\u00f3bal y Nieves' >San Crist\u00f3bal y Nieves<\/option><option value='Santa Luc\u00eda' >Santa Luc\u00eda<\/option><option value='San Vicente y las Granadinas' >San Vicente y las Granadinas<\/option><option value='San Mart\u00edn' >San Mart\u00edn<\/option><option value='Samoa' >Samoa<\/option><option value='San Marino' >San Marino<\/option><option value='Santo Tom\u00e9 y Principe' >Santo Tom\u00e9 y Principe<\/option><option value='Arabia Saudita' >Arabia Saudita<\/option><option value='Senegal' >Senegal<\/option><option value='Serbia' >Serbia<\/option><option value='Seychelles' >Seychelles<\/option><option value='Sierra Leona' >Sierra Leona<\/option><option value='Singapur' >Singapur<\/option><option value='Sint Maarten' >Sint Maarten<\/option><option value='Eslovaquia' >Eslovaquia<\/option><option value='Eslovenia' >Eslovenia<\/option><option value='Islas Salom\u00f3n' >Islas Salom\u00f3n<\/option><option value='Somalia' >Somalia<\/option><option value='Sud\u00e1frica' >Sud\u00e1frica<\/option><option value='Espa\u00f1a' >Espa\u00f1a<\/option><option value='Sri Lanka' >Sri Lanka<\/option><option value='Sud\u00e1n' >Sud\u00e1n<\/option><option value='Sud\u00e1n del Sur' >Sud\u00e1n del Sur<\/option><option value='Surinam' >Surinam<\/option><option value='Swazilandia' >Swazilandia<\/option><option value='Suecia' >Suecia<\/option><option value='Suiza' >Suiza<\/option><option value='Siria' >Siria<\/option><option value='Taiwan' >Taiwan<\/option><option value='Tayikist\u00e1n' >Tayikist\u00e1n<\/option><option value='Tanzania' >Tanzania<\/option><option value='Tailandia' >Tailandia<\/option><option value='Togo' >Togo<\/option><option value='Tonga' >Tonga<\/option><option value='Trinidad y Tobago' >Trinidad y Tobago<\/option><option value='T\u00fanez' >T\u00fanez<\/option><option value='Turqu\u00eda' >Turqu\u00eda<\/option><option value='Turkmenist\u00e1n' >Turkmenist\u00e1n<\/option><option value='Tuvalu' >Tuvalu<\/option><option value='Uganda' >Uganda<\/option><option value='Ucrania' >Ucrania<\/option><option value='Emiratos \u00c1rabes Unidos' >Emiratos \u00c1rabes Unidos<\/option><option value='Reino Unido' >Reino Unido<\/option><option value='Estados Unidos' >Estados Unidos<\/option><option value='Uruguay' >Uruguay<\/option><option value='Uzbekist\u00e1n' >Uzbekist\u00e1n<\/option><option value='Vanuatu' >Vanuatu<\/option><option value='Ciudad del Vaticano' >Ciudad del Vaticano<\/option><option value='Venezuela' >Venezuela<\/option><option value='Vietnam' >Vietnam<\/option><option value='Islas V\u00edrgenes Brit\u00e1nicas' >Islas V\u00edrgenes Brit\u00e1nicas<\/option><option value='Islas V\u00edrgenes de los Estados Unidos' >Islas V\u00edrgenes de los Estados Unidos<\/option><option value='Yemen' >Yemen<\/option><option value='Zambia' >Zambia<\/option><option value='Zimbaue' >Zimbaue<\/option><\/select><\/div><\/li><li id='field_7_1'  class='gfield gfield_contains_required field_sublabel_below field_description_below gfield_visibility_visible' ><label class='gfield_label gfield_label_before_complex' for='input_7_1_3' >Name and Surnames<span class='gfield_required'>*<\/span><\/label><div class='ginput_complex ginput_container no_prefix has_first_name no_middle_name has_last_name no_suffix gf_name_has_2 ginput_container_name gfield_trigger_change' id='input_7_1'>\n                            \n                            <span id='input_7_1_3_container' class='name_first' >\n                                                    <input type='text' name='input_1.3' id='input_7_1_3' value='' aria-label='First name'   aria-required=\"true\" aria-invalid=\"false\" \/>\n                                                    <label for='input_7_1_3' >First<\/label>\n                                                <\/span>\n                            \n                            <span id='input_7_1_6_container' class='name_last' >\n                                                    <input type='text' name='input_1.6' id='input_7_1_6' value='' aria-label='Last name'   aria-required=\"true\" aria-invalid=\"false\" \/>\n                                                    <label for='input_7_1_6' >Last<\/label>\n                                                <\/span>\n                            \n                        <\/div><\/li><li id='field_7_7'  class='gfield gfield_contains_required field_sublabel_below field_description_below gfield_visibility_visible' ><label class='gfield_label' for='input_7_7' >Email<span class='gfield_required'>*<\/span><\/label><div class='ginput_container ginput_container_email'>\n                            <input name='input_7' id='input_7_7' type='text' value='' class='large'     aria-required=\"true\" aria-invalid=\"false\"\/>\n                        <\/div><\/li><li id='field_7_28'  class='gfield gform_hidden field_sublabel_below field_description_below gfield_visibility_visible' ><input name='input_28' id='input_7_28' type='hidden' class='gform_hidden'  aria-invalid=\"false\" value='Contacto' \/><\/li><li id='field_7_29'  class='gfield gform_validation_container field_sublabel_below field_description_below gfield_visibility_visible' ><label class='gfield_label' for='input_7_29' >Comments<\/label><div class='ginput_container'><input name='input_29' id='input_7_29' type='text' value='' \/><\/div><div class='gfield_description'>This field is for validation purposes and should be left unchanged.<\/div><\/li>\n                            <\/ul><\/div>\n        <div class='gform_footer top_label'> <input type='submit' id='gform_submit_button_7' class='gform_button button' value='Subscribe'  onclick='if(window[\"gf_submitting_7\"]){return false;}  window[\"gf_submitting_7\"]=true;  ' onkeypress='if( event.keyCode == 13 ){ if(window[\"gf_submitting_7\"]){return false;} window[\"gf_submitting_7\"]=true;  jQuery(\"#gform_7\").trigger(\"submit\",[true]); }' \/> <input type='hidden' name='gform_ajax' value='form_id=7&amp;title=&amp;description=&amp;tabindex=0' \/>\n            <input type='hidden' class='gform_hidden' name='is_submit_7' value='1' \/>\n            <input type='hidden' class='gform_hidden' name='gform_submit' value='7' \/>\n            \n            <input type='hidden' class='gform_hidden' name='gform_unique_id' value='' \/>\n            <input type='hidden' class='gform_hidden' name='state_7' value='WyJbXSIsImQzNWE0YTM2NDk0N2NmYzM0NzM0NjBjODc1MmJlNmRkIl0=' \/>\n            <input type='hidden' class='gform_hidden' name='gform_target_page_number_7' id='gform_target_page_number_7' value='0' \/>\n            <input type='hidden' class='gform_hidden' name='gform_source_page_number_7' id='gform_source_page_number_7' value='1' \/>\n            <input type='hidden' name='gform_field_values' value='' \/>\n            \n        <\/div>\n                        <\/form>\n                        <\/div>\n                <iframe style='display:none;width:0px;height:0px;' src='about:blank' name='gform_ajax_frame_7' id='gform_ajax_frame_7'>This iframe contains the logic required to handle Ajax powered Gravity Forms.<\/iframe>\n                <script type='text\/javascript'>jQuery(document).ready(function($){gformInitSpinner( 7, 'https:\/\/www.adapting.com\/wp-content\/plugins\/gravityforms\/images\/spinner.gif' );jQuery('#gform_ajax_frame_7').on('load',function(){var contents = jQuery(this).contents().find('*').html();var is_postback = contents.indexOf('GF_AJAX_POSTBACK') >= 0;if(!is_postback){return;}var form_content = jQuery(this).contents().find('#gform_wrapper_7');var is_confirmation = jQuery(this).contents().find('#gform_confirmation_wrapper_7').length > 0;var is_redirect = contents.indexOf('gformRedirect(){') >= 0;var is_form = form_content.length > 0 && ! is_redirect && ! is_confirmation;if(is_form){jQuery('#gform_wrapper_7').html(form_content.html());if(form_content.hasClass('gform_validation_error')){jQuery('#gform_wrapper_7').addClass('gform_validation_error');} else {jQuery('#gform_wrapper_7').removeClass('gform_validation_error');}setTimeout( function() { \/* delay the scroll by 50 milliseconds to fix a bug in chrome *\/ jQuery(document).scrollTop(jQuery('#gform_wrapper_7').offset().top); }, 50 );if(window['gformInitDatepicker']) {gformInitDatepicker();}if(window['gformInitPriceFields']) {gformInitPriceFields();}var current_page = jQuery('#gform_source_page_number_7').val();gformInitSpinner( 7, 'https:\/\/www.adapting.com\/wp-content\/plugins\/gravityforms\/images\/spinner.gif' );jQuery(document).trigger('gform_page_loaded', [7, current_page]);window['gf_submitting_7'] = false;}else if(!is_redirect){var confirmation_content = jQuery(this).contents().find('.GF_AJAX_POSTBACK').html();if(!confirmation_content){confirmation_content = contents;}setTimeout(function(){jQuery('#gform_wrapper_7').replaceWith(confirmation_content);jQuery(document).scrollTop(jQuery('#gf_7').offset().top);jQuery(document).trigger('gform_confirmation_loaded', [7]);window['gf_submitting_7'] = false;}, 50);}else{jQuery('#gform_7').append(contents);if(window['gformRedirect']) {gformRedirect();}}jQuery(document).trigger('gform_post_render', [7, current_page]);} );} );<\/script><script type='text\/javascript'> if(typeof gf_global == 'undefined') var gf_global = {\"gf_currency_config\":{\"name\":\"U.S. Dollar\",\"symbol_left\":\"$\",\"symbol_right\":\"\",\"symbol_padding\":\"\",\"thousand_separator\":\",\",\"decimal_separator\":\".\",\"decimals\":2},\"base_url\":\"https:\\\/\\\/www.adapting.com\\\/wp-content\\\/plugins\\\/gravityforms\",\"number_formats\":[],\"spinnerUrl\":\"https:\\\/\\\/www.adapting.com\\\/wp-content\\\/plugins\\\/gravityforms\\\/images\\\/spinner.gif\"};jQuery(document).bind('gform_post_render', function(event, formId, currentPage){if(formId == 7) {} } );jQuery(document).bind('gform_post_conditional_logic', function(event, formId, fields, isInit){} );<\/script><script type='text\/javascript'> jQuery(document).ready(function(){jQuery(document).trigger('gform_post_render', [7, 1]) } ); <\/script>[\/mk_custom_box][mk_padding_divider size=&#8221;100&#8243;][\/vc_column][vc_column width=&#8221;1\/6&#8243;][\/vc_column][\/vc_row][vc_row][vc_column width=&#8221;1\/4&#8243;][\/vc_column][vc_column width=&#8221;1\/2&#8243;][mk_padding_divider size=&#8221;60&#8243;][mk_button dimension=&#8221;flat&#8221; corner_style=&#8221;full_rounded&#8221; size=&#8221;large&#8221; icon=&#8221;mk-li-news&#8221; url=&#8221;https:\/\/us3.campaign-archive.com\/home\/?u=79ab838065d2397034fd80e61&amp;id=f333e09f27&#8243; target=&#8221;_blank&#8221; nofollow=&#8221;true&#8221; align=&#8221;center&#8221; fullwidth=&#8221;true&#8221; bg_color=&#8221;#dd9933&#8243; btn_hover_bg=&#8221;#919e24&#8243;]OUR LATEST NEWSLETTERS &gt;&gt; VIEW NEWSLETTERS[\/mk_button][mk_padding_divider size=&#8221;60&#8243;][\/vc_column][vc_column width=&#8221;1\/4&#8243;][\/vc_column][\/vc_row][vc_row fullwidth=&#8221;true&#8221; fullwidth_content=&#8221;false&#8221; css=&#8221;.vc_custom_1533055220207{background-color: #5dead5 !important;}&#8221;][vc_column width=&#8221;2\/3&#8243;][mk_padding_divider size=&#8221;30&#8243;][mk_fancy_title color=&#8221;#ffffff&#8221; size=&#8221;30&#8243; force_font_size=&#8221;true&#8221; size_smallscreen=&#8221;20&#8243; size_tablet=&#8221;20&#8243; size_phone=&#8221;20&#8243; font_weight=&#8221;600&#8243; margin_top=&#8221;20&#8243; font_family=&#8221;none&#8221; align=&#8221;center&#8221;]\n<div class=\"vc_cta3_content-container\">\n<div class=\"vc_cta3-content\">\n<header class=\"vc_cta3-content-header\">\u00bfWOULD YOU LIKE TO GET TO KNOW US BETTER?<\/header>\n<\/div>\n<\/div>\n[\/mk_fancy_title][\/vc_column][vc_column width=&#8221;1\/3&#8243;][mk_padding_divider][mk_button dimension=&#8221;flat&#8221; corner_style=&#8221;full_rounded&#8221; size=&#8221;large&#8221; icon=&#8221;mk-li-paper-plane&#8221; url=&#8221;\/vision-mision\/&#8221; bg_color=&#8221;#7e9022&#8243; btn_hover_bg=&#8221;#d6d6d6&#8243; btn_hover_txt_color=&#8221;#191919&#8243;]More information[\/mk_button][\/vc_column][\/vc_row][vc_row][vc_column][\/vc_column][\/vc_row]\n","protected":false},"excerpt":{"rendered":"<p>[vc_row fullwidth=&#8221;true&#8221; fullwidth_content=&#8221;false&#8221; css=&#8221;.vc_custom_1533816928705{background-color: #f7f7f7 !important;}&#8221;][vc_column width=&#8221;1\/4&#8243;][\/vc_column][vc_column width=&#8221;3\/4&#8243;][mk_fancy_title color=&#8221;#919e24&#8243; size=&#8221;45&#8243; line_height=&#8221;80&#8243; font_weight=&#8221;500&#8243; margin_top=&#8221;25&#8243; margin_bottom=&#8221;5&#8243; font_family=&#8221;none&#8221;]Newsletter[\/mk_fancy_title][\/vc_column][\/vc_row][vc_row fullwidth=&#8221;true&#8221; fullwidth_content=&#8221;false&#8221; css=&#8221;.vc_custom_1533032018172{background-color: rgba(229,229,229,0.29) !important;background-position: center !important;background-repeat: no-repeat !important;background-size: contain !important;*background-color: rgb(229,229,229) !important;}&#8221;][vc_column width=&#8221;1\/6&#8243;][\/vc_column][vc_column width=&#8221;2\/3&#8243;][mk_padding_divider size=&#8221;60&#8243;][mk_custom_box corner_radius=&#8221;5&#8243; padding_vertical=&#8221;50&#8243; padding_horizental=&#8221;60&#8243; margin_bottom=&#8221;0&#8243; bg_color=&#8221;#ffffff&#8221; background_hov_color_style=&#8221;image&#8221; border_color_style=&#8221;gradient_color&#8221; border_width=&#8221;4&#8243; border_grandient_color_from=&#8221;#9dad1c&#8221; border_grandient_color_to=&#8221;#5dead5&#8243; border_grandient_color_fallback=&#8221;#9dad1c&#8221; drop_shadow=&#8221;true&#8221;][mk_fancy_title color=&#8221;#919e24&#8243; size=&#8221;18&#8243; font_weight=&#8221;500&#8243; margin_bottom=&#8221;10&#8243; font_family=&#8221;none&#8221;]SUBSCRIBE TO OUR NEWSLETTER[\/mk_fancy_title][mk_fancy_title tag_name=&#8221;h3&#8243; color=&#8221;#686868&#8243; font_weight=&#8221;500&#8243; txt_transform=&#8221;none&#8221; [&hellip;]<\/p>\n","protected":false},"author":3,"featured_media":0,"parent":0,"menu_order":0,"comment_status":"closed","ping_status":"closed","template":"","meta":[],"_links":{"self":[{"href":"https:\/\/www.adapting.com\/en\/wp-json\/wp\/v2\/pages\/5924\/"}],"collection":[{"href":"https:\/\/www.adapting.com\/en\/wp-json\/wp\/v2\/pages\/"}],"about":[{"href":"https:\/\/www.adapting.com\/en\/wp-json\/wp\/v2\/types\/page\/"}],"author":[{"embeddable":true,"href":"https:\/\/www.adapting.com\/en\/wp-json\/wp\/v2\/users\/3\/"}],"replies":[{"embeddable":true,"href":"https:\/\/www.adapting.com\/en\/wp-json\/wp\/v2\/comments\/?post=5924"}],"version-history":[{"count":1,"href":"https:\/\/www.adapting.com\/en\/wp-json\/wp\/v2\/pages\/5924\/revisions\/"}],"predecessor-version":[{"id":7789,"href":"https:\/\/www.adapting.com\/en\/wp-json\/wp\/v2\/pages\/5924\/revisions\/7789\/"}],"wp:attachment":[{"href":"https:\/\/www.adapting.com\/en\/wp-json\/wp\/v2\/media\/?parent=5924"}],"curies":[{"name":"wp","href":"https:\/\/api.w.org\/{rel}","templated":true}]}}